{"id":2753,"date":"2023-04-17T12:42:42","date_gmt":"2023-04-17T10:42:42","guid":{"rendered":"https:\/\/lab.alara-expertise.fr\/impressum\/"},"modified":"2023-12-07T11:32:35","modified_gmt":"2023-12-07T10:32:35","slug":"impressum","status":"publish","type":"page","link":"https:\/\/alara-group.fr\/de\/impressum\/","title":{"rendered":"Impressum"},"content":{"rendered":"\t\t<div data-elementor-type=\"wp-page\" data-elementor-id=\"2753\" class=\"elementor elementor-2753 elementor-1906\" data-elementor-post-type=\"page\">\n\t\t\t\t\t\t<section class=\"elementor-section elementor-top-section elementor-element elementor-element-15a710b elementor-section-boxed elementor-section-height-default elementor-section-height-default\" data-id=\"15a710b\" data-element_type=\"section\" data-e-type=\"section\" data-settings=\"{&quot;background_background&quot;:&quot;classic&quot;}\">\n\t\t\t\t\t\t<div class=\"elementor-container elementor-column-gap-default\">\n\t\t\t\t\t<div class=\"elementor-column elementor-col-100 elementor-top-column elementor-element elementor-element-2b9f1f3\" data-id=\"2b9f1f3\" data-element_type=\"column\" data-e-type=\"column\">\n\t\t\t<div class=\"elementor-widget-wrap elementor-element-populated\">\n\t\t\t\t\t\t<div class=\"elementor-element elementor-element-e57a63f elementor-widget elementor-widget-heading\" data-id=\"e57a63f\" data-element_type=\"widget\" data-e-type=\"widget\" data-widget_type=\"heading.default\">\n\t\t\t\t<div class=\"elementor-widget-container\">\n\t\t\t\t\t<h3 class=\"elementor-heading-title elementor-size-default\">SAS ALARA GROUP<\/h3>\t\t\t\t<\/div>\n\t\t\t\t<\/div>\n\t\t\t\t<div class=\"elementor-element elementor-element-49d74b3 elementor-widget elementor-widget-text-editor\" data-id=\"49d74b3\" data-element_type=\"widget\" data-e-type=\"widget\" data-widget_type=\"text-editor.default\">\n\t\t\t\t<div class=\"elementor-widget-container\">\n\t\t\t\t\t\t\t\t\t7 all\u00e9e de l\u2019Europe<br>\n67690 ENTZHEIM<br>\nTel : 03 69 09 21 30<br>\nEmail : <a href=\"mailto:info@alara-group.fr\">info@alara-group.fr<\/a>\t\t\t\t\t\t\t\t<\/div>\n\t\t\t\t<\/div>\n\t\t\t\t<div class=\"elementor-element elementor-element-f3bdc4b elementor-widget elementor-widget-heading\" data-id=\"f3bdc4b\" data-element_type=\"widget\" data-e-type=\"widget\" data-widget_type=\"heading.default\">\n\t\t\t\t<div class=\"elementor-widget-container\">\n\t\t\t\t\t<h3 class=\"elementor-heading-title elementor-size-default\">RECHTLICHE ANGABEN<\/h3>\t\t\t\t<\/div>\n\t\t\t\t<\/div>\n\t\t\t\t<div class=\"elementor-element elementor-element-b5b6f21 elementor-widget elementor-widget-text-editor\" data-id=\"b5b6f21\" data-element_type=\"widget\" data-e-type=\"widget\" data-widget_type=\"text-editor.default\">\n\t\t\t\t<div class=\"elementor-widget-container\">\n\t\t\t\t\t\t\t\t\t<p>Num\u00e9ro SIRET 88175169700015<br \/>Capital social : 10 000\u20ac<br \/>Num\u00e9ro RCS Strasbourg B 881 751 697<\/p>\n\t\t\t\t\t\t\t\t<\/div>\n\t\t\t\t<\/div>\n\t\t\t\t<div class=\"elementor-element elementor-element-d8a3733 elementor-widget elementor-widget-heading\" data-id=\"d8a3733\" data-element_type=\"widget\" data-e-type=\"widget\" data-widget_type=\"heading.default\">\n\t\t\t\t<div class=\"elementor-widget-container\">\n\t\t\t\t\t<h3 class=\"elementor-heading-title elementor-size-default\">VERANTWORTLICH F\u00dcR DEN INHALT<\/h3>\t\t\t\t<\/div>\n\t\t\t\t<\/div>\n\t\t\t\t<div class=\"elementor-element elementor-element-43b1785 elementor-widget elementor-widget-text-editor\" data-id=\"43b1785\" data-element_type=\"widget\" data-e-type=\"widget\" data-widget_type=\"text-editor.default\">\n\t\t\t\t<div class=\"elementor-widget-container\">\n\t\t\t\t\t\t\t\t\t<p>Fanny Carbillet<\/p>\n\t\t\t\t\t\t\t\t<\/div>\n\t\t\t\t<\/div>\n\t\t\t\t<div class=\"elementor-element elementor-element-242b98e elementor-widget elementor-widget-heading\" data-id=\"242b98e\" data-element_type=\"widget\" data-e-type=\"widget\" data-widget_type=\"heading.default\">\n\t\t\t\t<div class=\"elementor-widget-container\">\n\t\t\t\t\t<h3 class=\"elementor-heading-title elementor-size-default\"><span style=\"letter-spacing: 0.7px;white-space: normal\">HOSTING<\/span><\/h3>\t\t\t\t<\/div>\n\t\t\t\t<\/div>\n\t\t\t\t<div class=\"elementor-element elementor-element-8cf0a23 elementor-widget elementor-widget-text-editor\" data-id=\"8cf0a23\" data-element_type=\"widget\" data-e-type=\"widget\" data-widget_type=\"text-editor.default\">\n\t\t\t\t<div class=\"elementor-widget-container\">\n\t\t\t\t\t\t\t\t\t<p>AMEN SASU<br \/>12-14, Rond Point des Champs Elys\u00e9es<br \/>75008 &#8211; Paris<br \/>Handelsregister Paris: 421 527 797 000 11 <br \/>Telefon: 01 70 99 53 41<\/p>\n\t\t\t\t\t\t\t\t<\/div>\n\t\t\t\t<\/div>\n\t\t\t\t<div class=\"elementor-element elementor-element-549821f elementor-widget elementor-widget-heading\" data-id=\"549821f\" data-element_type=\"widget\" data-e-type=\"widget\" data-widget_type=\"heading.default\">\n\t\t\t\t<div class=\"elementor-widget-container\">\n\t\t\t\t\t<h3 class=\"elementor-heading-title elementor-size-default\"><span style=\"letter-spacing: 0.7px;white-space: normal\">COPYRIGHT<\/span><\/h3>\t\t\t\t<\/div>\n\t\t\t\t<\/div>\n\t\t\t\t<div class=\"elementor-element elementor-element-fa7bc04 elementor-widget elementor-widget-text-editor\" data-id=\"fa7bc04\" data-element_type=\"widget\" data-e-type=\"widget\" data-widget_type=\"text-editor.default\">\n\t\t\t\t<div class=\"elementor-widget-container\">\n\t\t\t\t\t\t\t\t\t<p>Alle Rechte vorbehalten. Ohne ausdr\u00fcckliche Genehmigung ist die Vervielf\u00e4ltigung sowie jegliche Nutzung des Inhalts dieser Website zu anderen Zwecken als der individuellen und privaten Konsultation untersagt. <\/p>\n\t\t\t\t\t\t\t\t<\/div>\n\t\t\t\t<\/div>\n\t\t\t\t\t<\/div>\n\t\t<\/div>\n\t\t\t\t\t<\/div>\n\t\t<\/section>\n\t\t\t\t<section class=\"elementor-section elementor-top-section elementor-element elementor-element-cfd636f elementor-section-full_width elementor-section-height-default elementor-section-height-default\" data-id=\"cfd636f\" data-element_type=\"section\" data-e-type=\"section\" data-settings=\"{&quot;background_background&quot;:&quot;classic&quot;}\">\n\t\t\t\t\t\t<div class=\"elementor-container elementor-column-gap-default\">\n\t\t\t\t\t<div class=\"elementor-column elementor-col-100 elementor-top-column elementor-element elementor-element-e418ab4\" data-id=\"e418ab4\" data-element_type=\"column\" data-e-type=\"column\">\n\t\t\t<div class=\"elementor-widget-wrap elementor-element-populated\">\n\t\t\t\t\t\t<div class=\"elementor-element elementor-element-b5ffbd3 animated-slow elementor-invisible elementor-widget elementor-widget-heading\" data-id=\"b5ffbd3\" data-element_type=\"widget\" data-e-type=\"widget\" data-settings=\"{&quot;_animation&quot;:&quot;fadeIn&quot;}\" data-widget_type=\"heading.default\">\n\t\t\t\t<div class=\"elementor-widget-container\">\n\t\t\t\t\t<h2 class=\"elementor-heading-title elementor-size-default\">Tauschen Sie sich mit uns aus!<\/h2>\t\t\t\t<\/div>\n\t\t\t\t<\/div>\n\t\t\t\t<section class=\"elementor-section elementor-inner-section elementor-element elementor-element-305d035 elementor-section-boxed elementor-section-height-default elementor-section-height-default\" data-id=\"305d035\" data-element_type=\"section\" data-e-type=\"section\">\n\t\t\t\t\t\t<div class=\"elementor-container elementor-column-gap-default\">\n\t\t\t\t\t<div class=\"elementor-column elementor-col-50 elementor-inner-column elementor-element elementor-element-0bbca25\" data-id=\"0bbca25\" data-element_type=\"column\" data-e-type=\"column\" data-settings=\"{&quot;background_background&quot;:&quot;classic&quot;}\">\n\t\t\t<div class=\"elementor-widget-wrap elementor-element-populated\">\n\t\t\t\t\t\t<div class=\"elementor-element elementor-element-2c46f02 elementor-widget elementor-widget-heading\" data-id=\"2c46f02\" data-element_type=\"widget\" data-e-type=\"widget\" data-widget_type=\"heading.default\">\n\t\t\t\t<div class=\"elementor-widget-container\">\n\t\t\t\t\t<h3 class=\"elementor-heading-title elementor-size-default\">Sie sind Arzt?<\/h3>\t\t\t\t<\/div>\n\t\t\t\t<\/div>\n\t\t\t\t<div class=\"elementor-element elementor-element-2cfc4c1 elementor-widget elementor-widget-text-editor\" data-id=\"2cfc4c1\" data-element_type=\"widget\" data-e-type=\"widget\" data-widget_type=\"text-editor.default\">\n\t\t\t\t<div class=\"elementor-widget-container\">\n\t\t\t\t\t\t\t\t\t<p>Bleiben Sie mit unseren kostenlosen Informationen im Bereich Bildgebung und Strahlenschutz immer auf dem Laufenden.<\/p>\n\t\t\t\t\t\t\t\t<\/div>\n\t\t\t\t<\/div>\n\t\t\t\t<div class=\"elementor-element elementor-element-b561af6 elementor-align-left elementor-widget elementor-widget-button\" data-id=\"b561af6\" data-element_type=\"widget\" data-e-type=\"widget\" data-widget_type=\"button.default\">\n\t\t\t\t<div class=\"elementor-widget-container\">\n\t\t\t\t\t\t\t\t\t<div class=\"elementor-button-wrapper\">\n\t\t\t\t\t<a class=\"elementor-button elementor-button-link elementor-size-md\" href=\"https:\/\/alara-group.fr\/de\/kontakt\/\">\n\t\t\t\t\t\t<span class=\"elementor-button-content-wrapper\">\n\t\t\t\t\t\t\t\t\t<span class=\"elementor-button-text\">Abonnieren<\/span>\n\t\t\t\t\t<\/span>\n\t\t\t\t\t<\/a>\n\t\t\t\t<\/div>\n\t\t\t\t\t\t\t\t<\/div>\n\t\t\t\t<\/div>\n\t\t\t\t\t<\/div>\n\t\t<\/div>\n\t\t\t\t<div class=\"elementor-column elementor-col-50 elementor-inner-column elementor-element elementor-element-2ee7e36\" data-id=\"2ee7e36\" data-element_type=\"column\" data-e-type=\"column\" data-settings=\"{&quot;background_background&quot;:&quot;classic&quot;}\">\n\t\t\t<div class=\"elementor-widget-wrap elementor-element-populated\">\n\t\t\t\t\t\t<div class=\"elementor-element elementor-element-0ecad12 elementor-widget elementor-widget-heading\" data-id=\"0ecad12\" data-element_type=\"widget\" data-e-type=\"widget\" data-widget_type=\"heading.default\">\n\t\t\t\t<div class=\"elementor-widget-container\">\n\t\t\t\t\t<h3 class=\"elementor-heading-title elementor-size-default\">Sie m\u00f6chten Partner werden?<\/h3>\t\t\t\t<\/div>\n\t\t\t\t<\/div>\n\t\t\t\t<div class=\"elementor-element elementor-element-3826f03 elementor-widget elementor-widget-text-editor\" data-id=\"3826f03\" data-element_type=\"widget\" data-e-type=\"widget\" data-widget_type=\"text-editor.default\">\n\t\t\t\t<div class=\"elementor-widget-container\">\n\t\t\t\t\t\t\t\t\t<p>Vertrieb, R&amp;D oder klinischer Test?<br \/>Kontaktieren Sie uns!<\/p>\n\t\t\t\t\t\t\t\t<\/div>\n\t\t\t\t<\/div>\n\t\t\t\t<div class=\"elementor-element elementor-element-14ecbe4 elementor-align-left elementor-widget elementor-widget-button\" data-id=\"14ecbe4\" data-element_type=\"widget\" data-e-type=\"widget\" data-widget_type=\"button.default\">\n\t\t\t\t<div class=\"elementor-widget-container\">\n\t\t\t\t\t\t\t\t\t<div class=\"elementor-button-wrapper\">\n\t\t\t\t\t<a class=\"elementor-button elementor-button-link elementor-size-md\" href=\"https:\/\/alara-group.fr\/de\/kontakt\/\">\n\t\t\t\t\t\t<span class=\"elementor-button-content-wrapper\">\n\t\t\t\t\t\t\t\t\t<span class=\"elementor-button-text\">Kontakt<\/span>\n\t\t\t\t\t<\/span>\n\t\t\t\t\t<\/a>\n\t\t\t\t<\/div>\n\t\t\t\t\t\t\t\t<\/div>\n\t\t\t\t<\/div>\n\t\t\t\t\t<\/div>\n\t\t<\/div>\n\t\t\t\t\t<\/div>\n\t\t<\/section>\n\t\t\t\t\t<\/div>\n\t\t<\/div>\n\t\t\t\t\t<\/div>\n\t\t<\/section>\n\t\t\t\t<\/div>\n\t\t","protected":false},"excerpt":{"rendered":"<p>SAS ALARA GROUP 7 all\u00e9e de l\u2019Europe 67690 ENTZHEIM Tel : 03 69 09 21 30 Email : info@alara-group.fr RECHTLICHE ANGABEN Num\u00e9ro SIRET 88175169700015Capital social : 10 000\u20acNum\u00e9ro RCS Strasbourg B 881 751 697 VERANTWORTLICH F\u00dcR DEN INHALT Fanny Carbillet HOSTING AMEN SASU12-14, Rond Point des Champs Elys\u00e9es75008 &#8211; ParisHandelsregister Paris: 421 527 797 000 &hellip; <\/p>\n<p class=\"link-more\"><a href=\"https:\/\/alara-group.fr\/de\/impressum\/\" class=\"more-link\">Mehr <span class=\"screen-reader-text\">\u00fcber &#8220;Impressum&#8221; <\/span>Lesen<\/a><\/p>\n","protected":false},"author":1,"featured_media":0,"parent":0,"menu_order":0,"comment_status":"closed","ping_status":"closed","template":"elementor_header_footer","meta":{"inspiro_hide_title":false,"footnotes":""},"class_list":["post-2753","page","type-page","status-publish","hentry"],"yoast_head":"<!-- This site is optimized with the Yoast SEO plugin v27.4 - https:\/\/yoast.com\/product\/yoast-seo-wordpress\/ -->\n<title>Impressum<\/title>\n<meta name=\"description\" content=\"Auf dieser Seite finden Sie Informationen zu den rechtlichen Hinweisen der Alara group Website.\" \/>\n<meta name=\"robots\" content=\"index, follow, max-snippet:-1, max-image-preview:large, max-video-preview:-1\" \/>\n<link rel=\"canonical\" href=\"https:\/\/alara-group.fr\/de\/impressum\/\" \/>\n<meta property=\"og:locale\" content=\"de_DE\" \/>\n<meta property=\"og:type\" content=\"article\" \/>\n<meta property=\"og:title\" content=\"Impressum\" \/>\n<meta property=\"og:description\" content=\"Auf dieser Seite finden Sie Informationen zu den rechtlichen Hinweisen der Alara group Website.\" \/>\n<meta property=\"og:url\" content=\"https:\/\/alara-group.fr\/de\/impressum\/\" \/>\n<meta property=\"og:site_name\" content=\"Alara group\" \/>\n<meta property=\"article:publisher\" content=\"https:\/\/www.facebook.com\/people\/Alara-group\/100064307790593\/\" \/>\n<meta property=\"article:modified_time\" content=\"2023-12-07T10:32:35+00:00\" \/>\n<meta property=\"og:image\" content=\"https:\/\/alara-group.fr\/wp-content\/uploads\/2023\/03\/cropped-Logo_Alaragroup_noir_RVB.png\" \/>\n\t<meta property=\"og:image:width\" content=\"4069\" \/>\n\t<meta property=\"og:image:height\" content=\"606\" \/>\n\t<meta property=\"og:image:type\" content=\"image\/png\" \/>\n<meta name=\"twitter:card\" content=\"summary_large_image\" \/>\n<meta name=\"twitter:label1\" content=\"Gesch\u00e4tzte Lesezeit\" \/>\n\t<meta name=\"twitter:data1\" content=\"1\u00a0Minute\" \/>\n<script type=\"application\/ld+json\" class=\"yoast-schema-graph\">{\"@context\":\"https:\\\/\\\/schema.org\",\"@graph\":[{\"@type\":\"WebPage\",\"@id\":\"https:\\\/\\\/alara-group.fr\\\/de\\\/impressum\\\/\",\"url\":\"https:\\\/\\\/alara-group.fr\\\/de\\\/impressum\\\/\",\"name\":\"Impressum\",\"isPartOf\":{\"@id\":\"https:\\\/\\\/alara-group.fr\\\/de\\\/#website\"},\"datePublished\":\"2023-04-17T10:42:42+00:00\",\"dateModified\":\"2023-12-07T10:32:35+00:00\",\"description\":\"Auf dieser Seite finden Sie Informationen zu den rechtlichen Hinweisen der Alara group Website.\",\"breadcrumb\":{\"@id\":\"https:\\\/\\\/alara-group.fr\\\/de\\\/impressum\\\/#breadcrumb\"},\"inLanguage\":\"de\",\"potentialAction\":[{\"@type\":\"ReadAction\",\"target\":[\"https:\\\/\\\/alara-group.fr\\\/de\\\/impressum\\\/\"]}]},{\"@type\":\"BreadcrumbList\",\"@id\":\"https:\\\/\\\/alara-group.fr\\\/de\\\/impressum\\\/#breadcrumb\",\"itemListElement\":[{\"@type\":\"ListItem\",\"position\":1,\"name\":\"Home\",\"item\":\"https:\\\/\\\/alara-group.fr\\\/de\\\/\"},{\"@type\":\"ListItem\",\"position\":2,\"name\":\"Impressum\"}]},{\"@type\":\"WebSite\",\"@id\":\"https:\\\/\\\/alara-group.fr\\\/de\\\/#website\",\"url\":\"https:\\\/\\\/alara-group.fr\\\/de\\\/\",\"name\":\"Alara-group\",\"description\":\"Alara group - Toute l&#039;expertise des rayonnements en un seul groupe\",\"publisher\":{\"@id\":\"https:\\\/\\\/alara-group.fr\\\/de\\\/#organization\"},\"alternateName\":\"Alara group\",\"potentialAction\":[{\"@type\":\"SearchAction\",\"target\":{\"@type\":\"EntryPoint\",\"urlTemplate\":\"https:\\\/\\\/alara-group.fr\\\/de\\\/?s={search_term_string}\"},\"query-input\":{\"@type\":\"PropertyValueSpecification\",\"valueRequired\":true,\"valueName\":\"search_term_string\"}}],\"inLanguage\":\"de\"},{\"@type\":\"Organization\",\"@id\":\"https:\\\/\\\/alara-group.fr\\\/de\\\/#organization\",\"name\":\"Alara group\",\"alternateName\":\"Alara group\",\"url\":\"https:\\\/\\\/alara-group.fr\\\/de\\\/\",\"logo\":{\"@type\":\"ImageObject\",\"inLanguage\":\"de\",\"@id\":\"https:\\\/\\\/alara-group.fr\\\/de\\\/#\\\/schema\\\/logo\\\/image\\\/\",\"url\":\"https:\\\/\\\/alara-group.fr\\\/wp-content\\\/uploads\\\/2023\\\/03\\\/cropped-Logo_Alaragroup_noir_RVB.png\",\"contentUrl\":\"https:\\\/\\\/alara-group.fr\\\/wp-content\\\/uploads\\\/2023\\\/03\\\/cropped-Logo_Alaragroup_noir_RVB.png\",\"width\":4069,\"height\":606,\"caption\":\"Alara group\"},\"image\":{\"@id\":\"https:\\\/\\\/alara-group.fr\\\/de\\\/#\\\/schema\\\/logo\\\/image\\\/\"},\"sameAs\":[\"https:\\\/\\\/www.facebook.com\\\/people\\\/Alara-group\\\/100064307790593\\\/\",\"https:\\\/\\\/www.linkedin.com\\\/company\\\/alaragroup\\\/\"]}]}<\/script>\n<!-- \/ Yoast SEO plugin. -->","yoast_head_json":{"title":"Impressum","description":"Auf dieser Seite finden Sie Informationen zu den rechtlichen Hinweisen der Alara group Website.","robots":{"index":"index","follow":"follow","max-snippet":"max-snippet:-1","max-image-preview":"max-image-preview:large","max-video-preview":"max-video-preview:-1"},"canonical":"https:\/\/alara-group.fr\/de\/impressum\/","og_locale":"de_DE","og_type":"article","og_title":"Impressum","og_description":"Auf dieser Seite finden Sie Informationen zu den rechtlichen Hinweisen der Alara group Website.","og_url":"https:\/\/alara-group.fr\/de\/impressum\/","og_site_name":"Alara group","article_publisher":"https:\/\/www.facebook.com\/people\/Alara-group\/100064307790593\/","article_modified_time":"2023-12-07T10:32:35+00:00","og_image":[{"width":4069,"height":606,"url":"https:\/\/alara-group.fr\/wp-content\/uploads\/2023\/03\/cropped-Logo_Alaragroup_noir_RVB.png","type":"image\/png"}],"twitter_card":"summary_large_image","twitter_misc":{"Gesch\u00e4tzte Lesezeit":"1\u00a0Minute"},"schema":{"@context":"https:\/\/schema.org","@graph":[{"@type":"WebPage","@id":"https:\/\/alara-group.fr\/de\/impressum\/","url":"https:\/\/alara-group.fr\/de\/impressum\/","name":"Impressum","isPartOf":{"@id":"https:\/\/alara-group.fr\/de\/#website"},"datePublished":"2023-04-17T10:42:42+00:00","dateModified":"2023-12-07T10:32:35+00:00","description":"Auf dieser Seite finden Sie Informationen zu den rechtlichen Hinweisen der Alara group Website.","breadcrumb":{"@id":"https:\/\/alara-group.fr\/de\/impressum\/#breadcrumb"},"inLanguage":"de","potentialAction":[{"@type":"ReadAction","target":["https:\/\/alara-group.fr\/de\/impressum\/"]}]},{"@type":"BreadcrumbList","@id":"https:\/\/alara-group.fr\/de\/impressum\/#breadcrumb","itemListElement":[{"@type":"ListItem","position":1,"name":"Home","item":"https:\/\/alara-group.fr\/de\/"},{"@type":"ListItem","position":2,"name":"Impressum"}]},{"@type":"WebSite","@id":"https:\/\/alara-group.fr\/de\/#website","url":"https:\/\/alara-group.fr\/de\/","name":"Alara-group","description":"Alara group - Toute l&#039;expertise des rayonnements en un seul groupe","publisher":{"@id":"https:\/\/alara-group.fr\/de\/#organization"},"alternateName":"Alara group","potentialAction":[{"@type":"SearchAction","target":{"@type":"EntryPoint","urlTemplate":"https:\/\/alara-group.fr\/de\/?s={search_term_string}"},"query-input":{"@type":"PropertyValueSpecification","valueRequired":true,"valueName":"search_term_string"}}],"inLanguage":"de"},{"@type":"Organization","@id":"https:\/\/alara-group.fr\/de\/#organization","name":"Alara group","alternateName":"Alara group","url":"https:\/\/alara-group.fr\/de\/","logo":{"@type":"ImageObject","inLanguage":"de","@id":"https:\/\/alara-group.fr\/de\/#\/schema\/logo\/image\/","url":"https:\/\/alara-group.fr\/wp-content\/uploads\/2023\/03\/cropped-Logo_Alaragroup_noir_RVB.png","contentUrl":"https:\/\/alara-group.fr\/wp-content\/uploads\/2023\/03\/cropped-Logo_Alaragroup_noir_RVB.png","width":4069,"height":606,"caption":"Alara group"},"image":{"@id":"https:\/\/alara-group.fr\/de\/#\/schema\/logo\/image\/"},"sameAs":["https:\/\/www.facebook.com\/people\/Alara-group\/100064307790593\/","https:\/\/www.linkedin.com\/company\/alaragroup\/"]}]}},"_links":{"self":[{"href":"https:\/\/alara-group.fr\/de\/wp-json\/wp\/v2\/pages\/2753","targetHints":{"allow":["GET"]}}],"collection":[{"href":"https:\/\/alara-group.fr\/de\/wp-json\/wp\/v2\/pages"}],"about":[{"href":"https:\/\/alara-group.fr\/de\/wp-json\/wp\/v2\/types\/page"}],"author":[{"embeddable":true,"href":"https:\/\/alara-group.fr\/de\/wp-json\/wp\/v2\/users\/1"}],"replies":[{"embeddable":true,"href":"https:\/\/alara-group.fr\/de\/wp-json\/wp\/v2\/comments?post=2753"}],"version-history":[{"count":10,"href":"https:\/\/alara-group.fr\/de\/wp-json\/wp\/v2\/pages\/2753\/revisions"}],"predecessor-version":[{"id":10251,"href":"https:\/\/alara-group.fr\/de\/wp-json\/wp\/v2\/pages\/2753\/revisions\/10251"}],"wp:attachment":[{"href":"https:\/\/alara-group.fr\/de\/wp-json\/wp\/v2\/media?parent=2753"}],"curies":[{"name":"wp","href":"https:\/\/api.w.org\/{rel}","templated":true}]}}