{"id":2506,"date":"2023-03-09T11:49:33","date_gmt":"2023-03-09T10:49:33","guid":{"rendered":"https:\/\/lab.alara-expertise.fr\/contact\/"},"modified":"2023-07-07T15:42:51","modified_gmt":"2023-07-07T13:42:51","slug":"contact","status":"publish","type":"page","link":"https:\/\/alara-group.fr\/en\/contact\/","title":{"rendered":"Contact"},"content":{"rendered":"\t\t<div data-elementor-type=\"wp-page\" data-elementor-id=\"2506\" class=\"elementor elementor-2506 elementor-112\" data-elementor-post-type=\"page\">\n\t\t\t\t\t\t<section class=\"elementor-section elementor-top-section elementor-element elementor-element-3d838d0 elementor-section-boxed elementor-section-height-default elementor-section-height-default\" data-id=\"3d838d0\" data-element_type=\"section\" data-e-type=\"section\" data-settings=\"{&quot;background_background&quot;:&quot;classic&quot;}\">\n\t\t\t\t\t\t<div class=\"elementor-container elementor-column-gap-default\">\n\t\t\t\t\t<div class=\"elementor-column elementor-col-100 elementor-top-column elementor-element elementor-element-a62ec27\" data-id=\"a62ec27\" data-element_type=\"column\" data-e-type=\"column\">\n\t\t\t<div class=\"elementor-widget-wrap elementor-element-populated\">\n\t\t\t\t\t\t<div class=\"elementor-element elementor-element-8dd6692 elementor-align-left elementor-invisible elementor-widget elementor-widget-button\" data-id=\"8dd6692\" data-element_type=\"widget\" data-e-type=\"widget\" data-settings=\"{&quot;_animation&quot;:&quot;fadeInUp&quot;}\" data-widget_type=\"button.default\">\n\t\t\t\t<div class=\"elementor-widget-container\">\n\t\t\t\t\t\t\t\t\t<div class=\"elementor-button-wrapper\">\n\t\t\t\t\t<a class=\"elementor-button elementor-button-link elementor-size-sm\" href=\"https:\/\/alara-group.fr\/en\/contact\/\">\n\t\t\t\t\t\t<span class=\"elementor-button-content-wrapper\">\n\t\t\t\t\t\t<span class=\"elementor-button-icon\">\n\t\t\t\t<svg aria-hidden=\"true\" class=\"e-font-icon-svg e-fas-arrow-right\" viewBox=\"0 0 448 512\" xmlns=\"http:\/\/www.w3.org\/2000\/svg\"><path d=\"M190.5 66.9l22.2-22.2c9.4-9.4 24.6-9.4 33.9 0L441 239c9.4 9.4 9.4 24.6 0 33.9L246.6 467.3c-9.4 9.4-24.6 9.4-33.9 0l-22.2-22.2c-9.5-9.5-9.3-25 .4-34.3L311.4 296H24c-13.3 0-24-10.7-24-24v-32c0-13.3 10.7-24 24-24h287.4L190.9 101.2c-9.8-9.3-10-24.8-.4-34.3z\"><\/path><\/svg>\t\t\t<\/span>\n\t\t\t\t\t\t\t\t\t<span class=\"elementor-button-text\">Contact form<\/span>\n\t\t\t\t\t<\/span>\n\t\t\t\t\t<\/a>\n\t\t\t\t<\/div>\n\t\t\t\t\t\t\t\t<\/div>\n\t\t\t\t<\/div>\n\t\t\t\t<div class=\"elementor-element elementor-element-1cdfee8 elementor-widget elementor-widget-elementskit-contact-form7\" data-id=\"1cdfee8\" data-element_type=\"widget\" data-e-type=\"widget\" data-widget_type=\"elementskit-contact-form7.default\">\n\t\t\t\t<div class=\"elementor-widget-container\">\n\t\t\t\t\t<div class=\"ekit-wid-con\" ><div class=\"ekit-form\">\n<div class=\"wpcf7 no-js\" id=\"wpcf7-f2502-p2506-o1\" lang=\"en-US\" dir=\"ltr\" data-wpcf7-id=\"2502\">\n<div class=\"screen-reader-response\"><p role=\"status\" aria-live=\"polite\" aria-atomic=\"true\"><\/p> <ul><\/ul><\/div>\n<form action=\"\/en\/contact\/#wpcf7-f2502-p2506-o1\" method=\"post\" class=\"wpcf7-form init\" aria-label=\"Contact form\" enctype=\"multipart\/form-data\" novalidate=\"novalidate\" data-status=\"init\">\n<fieldset class=\"hidden-fields-container\"><input type=\"hidden\" name=\"_wpcf7\" value=\"2502\" \/><input type=\"hidden\" name=\"_wpcf7_version\" value=\"6.1.5\" \/><input type=\"hidden\" name=\"_wpcf7_locale\" value=\"en_US\" \/><input type=\"hidden\" name=\"_wpcf7_unit_tag\" value=\"wpcf7-f2502-p2506-o1\" \/><input type=\"hidden\" name=\"_wpcf7_container_post\" value=\"2506\" \/><input type=\"hidden\" name=\"_wpcf7_posted_data_hash\" value=\"\" \/><input type=\"hidden\" name=\"_wpcf7_recaptcha_response\" value=\"\" \/>\n<\/fieldset>\n<p><span class=\"wpcf7-form-control-wrap\" data-name=\"your-name\"><input size=\"40\" maxlength=\"400\" class=\"wpcf7-form-control wpcf7-text wpcf7-validates-as-required\" aria-required=\"true\" aria-invalid=\"false\" placeholder=\"Last name*\" value=\"\" type=\"text\" name=\"your-name\" \/><\/span>\n<\/p>\n<p><span class=\"wpcf7-form-control-wrap\" data-name=\"your-surname\"><input size=\"40\" maxlength=\"400\" class=\"wpcf7-form-control wpcf7-text wpcf7-validates-as-required\" aria-required=\"true\" aria-invalid=\"false\" placeholder=\"First name*\" value=\"\" type=\"text\" name=\"your-surname\" \/><\/span>\n<\/p>\n<p><span class=\"wpcf7-form-control-wrap\" data-name=\"your-company\"><input size=\"40\" maxlength=\"400\" class=\"wpcf7-form-control wpcf7-text wpcf7-validates-as-required\" aria-required=\"true\" aria-invalid=\"false\" placeholder=\"Company*\" value=\"\" type=\"text\" name=\"your-company\" \/><\/span>\n<\/p>\n<p><span class=\"wpcf7-form-control-wrap\" data-name=\"your-email\"><input size=\"40\" maxlength=\"400\" class=\"wpcf7-form-control wpcf7-email wpcf7-validates-as-required wpcf7-text wpcf7-validates-as-email\" aria-required=\"true\" aria-invalid=\"false\" placeholder=\"Email*\" value=\"\" type=\"email\" name=\"your-email\" \/><\/span>\n<\/p>\n<p><span class=\"wpcf7-form-control-wrap\" data-name=\"you-phone\"><input size=\"40\" maxlength=\"400\" class=\"wpcf7-form-control wpcf7-tel wpcf7-validates-as-required wpcf7-text wpcf7-validates-as-tel\" aria-required=\"true\" aria-invalid=\"false\" placeholder=\"Phone number*\" value=\"\" type=\"tel\" name=\"you-phone\" \/><\/span>\n<\/p>\n<p><span class=\"wpcf7-form-control-wrap\" data-name=\"file-attached\"><input size=\"40\" class=\"wpcf7-form-control wpcf7-file\" accept=\"audio\/*,video\/*,image\/*\" aria-invalid=\"false\" type=\"file\" name=\"file-attached\" \/><\/span>\n<\/p>\n<p><span class=\"wpcf7-form-control-wrap\" data-name=\"choice-request\"><select class=\"wpcf7-form-control wpcf7-select\" aria-invalid=\"false\" name=\"choice-request\"><option value=\"Subject: *\">Subject: *<\/option><option value=\"Demande de contact\">Demande de contact<\/option><option value=\"Demande de devis\">Demande de devis<\/option><option value=\"Partenariat\">Partenariat<\/option><option value=\"Presse \/ Interview\">Presse \/ Interview<\/option><option value=\"Recrutement\">Recrutement<\/option><\/select><\/span>\n<\/p>\n<div style=\"margin-top: 20px;\">\n\t<p><span class=\"wpcf7-form-control-wrap\" data-name=\"your-message\"><textarea cols=\"40\" rows=\"10\" maxlength=\"2000\" class=\"wpcf7-form-control wpcf7-textarea wpcf7-validates-as-required\" aria-required=\"true\" aria-invalid=\"false\" placeholder=\"Your message*\" name=\"your-message\"><\/textarea><\/span>\n\t<\/p>\n\t<p><div id=\"cf7sr-69d729d0c1d5b\" class=\"cf7sr-g-recaptcha\" data-theme=\"light\" data-type=\"image\" data-size=\"normal\" data-sitekey=\"6LfA8gcsAAAAANzoLkUbEHVaQXnK4_4YDxLwI-m7\"><\/div><span class=\"wpcf7-form-control-wrap cf7sr-recaptcha\" data-name=\"cf7sr-recaptcha\"><input type=\"hidden\" name=\"cf7sr-recaptcha\" value=\"\" class=\"wpcf7-form-control\"><\/span>\n\t<\/p>\n\t<div style=\"margin-top: 20px;\">\n\t\t<p><input class=\"wpcf7-form-control wpcf7-submit has-spinner\" type=\"submit\" value=\"Envoyer\" \/>\n\t\t<\/p>\n\t\t<div style=\"margin-top: 10px;\">\n\t\t\t<div style=\"font-size:13px; letter-spacing: 0.5px;\">\n\t\t\t\t<p>By submitting the contact form, you agree to our data protection policy, which is GDPR compliant.\n\t\t\t\t<\/p>\n\t\t\t\t<p><i><a href=\"https:\/\/alara-group.fr\/politique-de-confidentialite\">Our privacy policy.<\/a><\/i>\n\t\t\t\t<\/p>\n\t\t\t<\/div>\n\t\t<\/div>\n\t<\/div>\n<\/div><p style=\"display: none !important;\" class=\"akismet-fields-container\" data-prefix=\"_wpcf7_ak_\"><label>&#916;<textarea name=\"_wpcf7_ak_hp_textarea\" cols=\"45\" rows=\"8\" maxlength=\"100\"><\/textarea><\/label><input type=\"hidden\" id=\"ak_js_1\" name=\"_wpcf7_ak_js\" value=\"61\"\/><script>document.getElementById( \"ak_js_1\" ).setAttribute( \"value\", ( new Date() ).getTime() );<\/script><\/p><div class=\"wpcf7-response-output\" aria-hidden=\"true\"><\/div>\n<\/form>\n<\/div>\n<\/div><\/div>\t\t\t\t<\/div>\n\t\t\t\t<\/div>\n\t\t\t\t\t<\/div>\n\t\t<\/div>\n\t\t\t\t\t<\/div>\n\t\t<\/section>\n\t\t\t\t<section class=\"elementor-section elementor-top-section elementor-element elementor-element-5cf5fd8 elementor-section-boxed elementor-section-height-default elementor-section-height-default\" data-id=\"5cf5fd8\" data-element_type=\"section\" data-e-type=\"section\" data-settings=\"{&quot;background_background&quot;:&quot;classic&quot;}\">\n\t\t\t\t\t\t<div class=\"elementor-container elementor-column-gap-default\">\n\t\t\t\t\t<div class=\"elementor-column elementor-col-100 elementor-top-column elementor-element elementor-element-23d962f\" data-id=\"23d962f\" data-element_type=\"column\" data-e-type=\"column\" data-settings=\"{&quot;background_background&quot;:&quot;classic&quot;}\">\n\t\t\t<div class=\"elementor-widget-wrap elementor-element-populated\">\n\t\t\t\t\t\t<div class=\"elementor-element elementor-element-6d2ec5c animated-slow elementor-invisible elementor-widget elementor-widget-heading\" data-id=\"6d2ec5c\" data-element_type=\"widget\" data-e-type=\"widget\" data-settings=\"{&quot;_animation&quot;:&quot;fadeInDown&quot;}\" data-widget_type=\"heading.default\">\n\t\t\t\t<div class=\"elementor-widget-container\">\n\t\t\t\t\t<h2 class=\"elementor-heading-title elementor-size-default\">They trust us<\/h2>\t\t\t\t<\/div>\n\t\t\t\t<\/div>\n\t\t\t\t<div class=\"elementor-element elementor-element-51fb683 elementor-widget elementor-widget-elementskit-client-logo\" data-id=\"51fb683\" data-element_type=\"widget\" data-e-type=\"widget\" data-widget_type=\"elementskit-client-logo.default\">\n\t\t\t\t<div class=\"elementor-widget-container\">\n\t\t\t\t\t<div class=\"ekit-wid-con\" >\t\t<div class=\"elementskit-clients-slider  simple_logo_image\" data-config=\"{&quot;rtl&quot;:false,&quot;arrows&quot;:false,&quot;dots&quot;:false,&quot;autoplay&quot;:true,&quot;speed&quot;:1000,&quot;slidesPerView&quot;:4,&quot;slidesPerGroup&quot;:1,&quot;pauseOnHover&quot;:true,&quot;loop&quot;:false,&quot;breakpoints&quot;:{&quot;320&quot;:{&quot;slidesPerView&quot;:1,&quot;slidesPerGroup&quot;:1,&quot;spaceBetween&quot;:10},&quot;768&quot;:{&quot;slidesPerView&quot;:4,&quot;slidesPerGroup&quot;:1,&quot;spaceBetween&quot;:10},&quot;1024&quot;:{&quot;slidesPerView&quot;:4,&quot;slidesPerGroup&quot;:1,&quot;spaceBetween&quot;:15}}}\" data-direction=\"\">\n\t\t\t<div class=\"ekit-main-swiper swiper\">\n\t\t\t\t<div class=\"swiper-wrapper\">\n\t\t\t\t\t\t\t\t\t\t\t<div class=\"elementskit-client-slider-item swiper-slide \">\n\t\t\t\t\t\t\t<div class=\"swiper-slide-inner\">\n\t\t\t\t\t\t\t\t<div class=\"single-client image-switcher\" title=\"Le chirurgiens Dentistes de France\">\n\t\t\t\t\t\t\t\t\t\t\t\t\t\t\t\t\t\t\t<a href=\"https:\/\/lescdf.fr\/\" target=\"_blank\">\n\t\t\t\t\t\t\t\t\t\t\t<span class=\"content-image\">\n\t\t\t\t\t\t\t\t\t\t\t\t<img decoding=\"async\" width=\"200\" height=\"82\" src=\"https:\/\/alara-group.fr\/wp-content\/uploads\/2023\/03\/CDF-e1678293422935.png\" class=\"\" alt=\"Logo Les Chirurgiens Dentistes de France (CDF)\" sizes=\"100vw\" \/>\t\t\t\t\t\t\t\t\t\t\t<\/span>\n\t\t\t\t\t\t\t\t\t\t<\/a>\n\t\t\t\t\t\t\t\t\t\t\t\t\t\t\t\t\t<\/div>\n\t\t\t\t\t\t\t<\/div>\n\t\t\t\t\t\t<\/div>\n\t\t\t\t\t\t\t\t\t\t\t<div class=\"elementskit-client-slider-item swiper-slide \">\n\t\t\t\t\t\t\t<div class=\"swiper-slide-inner\">\n\t\t\t\t\t\t\t\t<div class=\"single-client image-switcher\" title=\"Assistance publique H\u00f4pitaux de Paris\">\n\t\t\t\t\t\t\t\t\t\t\t\t\t\t\t\t\t\t\t<a href=\"https:\/\/www.aphp.fr\/\" target=\"_blank\">\n\t\t\t\t\t\t\t\t\t\t\t<span class=\"content-image\">\n\t\t\t\t\t\t\t\t\t\t\t\t<img fetchpriority=\"high\" decoding=\"async\" width=\"2560\" height=\"578\" src=\"https:\/\/alara-group.fr\/wp-content\/uploads\/2023\/04\/2560px-Assistance_publique_-_Hopitaux_de_Paris.png\" class=\"\" alt=\"Logo Assistance publique H\u00f4pitaux de Paris\" srcset=\"https:\/\/alara-group.fr\/wp-content\/uploads\/2023\/04\/2560px-Assistance_publique_-_Hopitaux_de_Paris.png 2560w, https:\/\/alara-group.fr\/wp-content\/uploads\/2023\/04\/2560px-Assistance_publique_-_Hopitaux_de_Paris-300x68.png 300w, https:\/\/alara-group.fr\/wp-content\/uploads\/2023\/04\/2560px-Assistance_publique_-_Hopitaux_de_Paris-1024x231.png 1024w, https:\/\/alara-group.fr\/wp-content\/uploads\/2023\/04\/2560px-Assistance_publique_-_Hopitaux_de_Paris-768x173.png 768w, https:\/\/alara-group.fr\/wp-content\/uploads\/2023\/04\/2560px-Assistance_publique_-_Hopitaux_de_Paris-1536x347.png 1536w, https:\/\/alara-group.fr\/wp-content\/uploads\/2023\/04\/2560px-Assistance_publique_-_Hopitaux_de_Paris-2048x462.png 2048w, https:\/\/alara-group.fr\/wp-content\/uploads\/2023\/04\/2560px-Assistance_publique_-_Hopitaux_de_Paris-2000x452.png 2000w\" sizes=\"100vw\" \/>\t\t\t\t\t\t\t\t\t\t\t<\/span>\n\t\t\t\t\t\t\t\t\t\t<\/a>\n\t\t\t\t\t\t\t\t\t\t\t\t\t\t\t\t\t<\/div>\n\t\t\t\t\t\t\t<\/div>\n\t\t\t\t\t\t<\/div>\n\t\t\t\t\t\t\t\t\t\t\t<div class=\"elementskit-client-slider-item swiper-slide \">\n\t\t\t\t\t\t\t<div class=\"swiper-slide-inner\">\n\t\t\t\t\t\t\t\t<div class=\"single-client image-switcher\" title=\"Uniha\">\n\t\t\t\t\t\t\t\t\t\t\t\t\t\t\t\t\t\t\t<a href=\"https:\/\/www.uniha.org\/\" target=\"_blank\">\n\t\t\t\t\t\t\t\t\t\t\t<span class=\"content-image\">\n\t\t\t\t\t\t\t\t\t\t\t\t<img decoding=\"async\" width=\"170\" height=\"85\" src=\"https:\/\/alara-group.fr\/wp-content\/uploads\/2023\/03\/UniHA-1-e1678360700509.png\" class=\"\" alt=\"Logo UniHa coop\u00e9rative d&#039;acheteurs hospitaliers fran\u00e7ais\" sizes=\"100vw\" \/>\t\t\t\t\t\t\t\t\t\t\t<\/span>\n\t\t\t\t\t\t\t\t\t\t<\/a>\n\t\t\t\t\t\t\t\t\t\t\t\t\t\t\t\t\t<\/div>\n\t\t\t\t\t\t\t<\/div>\n\t\t\t\t\t\t<\/div>\n\t\t\t\t\t\t\t\t\t\t\t<div class=\"elementskit-client-slider-item swiper-slide \">\n\t\t\t\t\t\t\t<div class=\"swiper-slide-inner\">\n\t\t\t\t\t\t\t\t<div class=\"single-client image-switcher\" title=\"Vetoccitan\">\n\t\t\t\t\t\t\t\t\t\t\t\t\t\t\t\t\t\t\t<a href=\"https:\/\/vetoccitan.fr\/\" target=\"_blank\">\n\t\t\t\t\t\t\t\t\t\t\t<span class=\"content-image\">\n\t\t\t\t\t\t\t\t\t\t\t\t<img loading=\"lazy\" decoding=\"async\" width=\"359\" height=\"140\" src=\"https:\/\/alara-group.fr\/wp-content\/uploads\/2023\/04\/vetoccitan-logo.png\" class=\"\" alt=\"Logo Vetoccitan\" srcset=\"https:\/\/alara-group.fr\/wp-content\/uploads\/2023\/04\/vetoccitan-logo.png 359w, https:\/\/alara-group.fr\/wp-content\/uploads\/2023\/04\/vetoccitan-logo-300x117.png 300w\" sizes=\"100vw\" \/>\t\t\t\t\t\t\t\t\t\t\t<\/span>\n\t\t\t\t\t\t\t\t\t\t<\/a>\n\t\t\t\t\t\t\t\t\t\t\t\t\t\t\t\t\t<\/div>\n\t\t\t\t\t\t\t<\/div>\n\t\t\t\t\t\t<\/div>\n\t\t\t\t\t\t\t\t\t\t\t<div class=\"elementskit-client-slider-item swiper-slide \">\n\t\t\t\t\t\t\t<div class=\"swiper-slide-inner\">\n\t\t\t\t\t\t\t\t<div class=\"single-client image-switcher\" title=\"H\u00f4pitaux Universitaires de Marseille\">\n\t\t\t\t\t\t\t\t\t\t\t\t\t\t\t\t\t\t\t<a href=\"http:\/\/ap-hm.fr\/\" target=\"_blank\">\n\t\t\t\t\t\t\t\t\t\t\t<span class=\"content-image\">\n\t\t\t\t\t\t\t\t\t\t\t\t<img loading=\"lazy\" decoding=\"async\" width=\"361\" height=\"139\" src=\"https:\/\/alara-group.fr\/wp-content\/uploads\/2023\/04\/aphm.png\" class=\"\" alt=\"Logo APHM H\u00f4pitaux Universitaires de Marseille\" srcset=\"https:\/\/alara-group.fr\/wp-content\/uploads\/2023\/04\/aphm.png 361w, https:\/\/alara-group.fr\/wp-content\/uploads\/2023\/04\/aphm-300x116.png 300w\" sizes=\"100vw\" \/>\t\t\t\t\t\t\t\t\t\t\t<\/span>\n\t\t\t\t\t\t\t\t\t\t<\/a>\n\t\t\t\t\t\t\t\t\t\t\t\t\t\t\t\t\t<\/div>\n\t\t\t\t\t\t\t<\/div>\n\t\t\t\t\t\t<\/div>\n\t\t\t\t\t\t\t\t\t<\/div>\n\n\t\t\t\t\n\t\t\t\t\t\t\t<\/div><!-- .elementskit-clients-slider END -->\n\t\t<\/div>\n\t\t<\/div>\t\t\t\t<\/div>\n\t\t\t\t<\/div>\n\t\t\t\t\t<\/div>\n\t\t<\/div>\n\t\t\t\t\t<\/div>\n\t\t<\/section>\n\t\t\t\t<\/div>\n\t\t","protected":false},"excerpt":{"rendered":"<p>Contact form Objet de votre demande :*Demande de contactDemande de devisPartenariatPresse \/ InterviewRecrutement En envoyant le formulaire de contact, vous adh\u00e9rez \u00e0 notre politique de protection des donn\u00e9es, conforme au RGPD. Notre politique de confidentialit\u00e9. They trust us<\/p>\n","protected":false},"author":1,"featured_media":0,"parent":0,"menu_order":0,"comment_status":"closed","ping_status":"closed","template":"elementor_header_footer","meta":{"inspiro_hide_title":false,"footnotes":""},"class_list":["post-2506","page","type-page","status-publish","hentry"],"yoast_head":"<!-- This site is optimized with the Yoast SEO plugin v27.3 - https:\/\/yoast.com\/product\/yoast-seo-wordpress\/ -->\n<title>Contact<\/title>\n<meta name=\"description\" content=\"Questions about our expertise, our team or our solutions? Contact us and we&#039;ll get back to you as soon as possible!\" \/>\n<meta name=\"robots\" content=\"index, follow, max-snippet:-1, max-image-preview:large, max-video-preview:-1\" \/>\n<link rel=\"canonical\" href=\"https:\/\/alara-group.fr\/en\/contact\/\" \/>\n<meta property=\"og:locale\" content=\"en_US\" \/>\n<meta property=\"og:type\" content=\"article\" \/>\n<meta property=\"og:title\" content=\"Contact\" \/>\n<meta property=\"og:description\" content=\"Questions about our expertise, our team or our solutions? Contact us and we&#039;ll get back to you as soon as possible!\" \/>\n<meta property=\"og:url\" content=\"https:\/\/alara-group.fr\/en\/contact\/\" \/>\n<meta property=\"og:site_name\" content=\"Alara group\" \/>\n<meta property=\"article:publisher\" content=\"https:\/\/www.facebook.com\/people\/Alara-group\/100064307790593\/\" \/>\n<meta property=\"article:modified_time\" content=\"2023-07-07T13:42:51+00:00\" \/>\n<meta property=\"og:image\" content=\"https:\/\/alara-group.fr\/wp-content\/uploads\/2023\/03\/CDF-e1678293422935.png\" \/>\n<meta name=\"twitter:card\" content=\"summary_large_image\" \/>\n<meta name=\"twitter:label1\" content=\"Est. reading time\" \/>\n\t<meta name=\"twitter:data1\" content=\"2 minutes\" \/>\n<script type=\"application\/ld+json\" class=\"yoast-schema-graph\">{\"@context\":\"https:\\\/\\\/schema.org\",\"@graph\":[{\"@type\":\"WebPage\",\"@id\":\"https:\\\/\\\/alara-group.fr\\\/en\\\/contact\\\/\",\"url\":\"https:\\\/\\\/alara-group.fr\\\/en\\\/contact\\\/\",\"name\":\"Contact\",\"isPartOf\":{\"@id\":\"https:\\\/\\\/alara-group.fr\\\/en\\\/#website\"},\"primaryImageOfPage\":{\"@id\":\"https:\\\/\\\/alara-group.fr\\\/en\\\/contact\\\/#primaryimage\"},\"image\":{\"@id\":\"https:\\\/\\\/alara-group.fr\\\/en\\\/contact\\\/#primaryimage\"},\"thumbnailUrl\":\"https:\\\/\\\/alara-group.fr\\\/wp-content\\\/uploads\\\/2023\\\/03\\\/CDF-e1678293422935.png\",\"datePublished\":\"2023-03-09T10:49:33+00:00\",\"dateModified\":\"2023-07-07T13:42:51+00:00\",\"description\":\"Questions about our expertise, our team or our solutions? Contact us and we'll get back to you as soon as possible!\",\"breadcrumb\":{\"@id\":\"https:\\\/\\\/alara-group.fr\\\/en\\\/contact\\\/#breadcrumb\"},\"inLanguage\":\"en-US\",\"potentialAction\":[{\"@type\":\"ReadAction\",\"target\":[\"https:\\\/\\\/alara-group.fr\\\/en\\\/contact\\\/\"]}]},{\"@type\":\"ImageObject\",\"inLanguage\":\"en-US\",\"@id\":\"https:\\\/\\\/alara-group.fr\\\/en\\\/contact\\\/#primaryimage\",\"url\":\"https:\\\/\\\/alara-group.fr\\\/wp-content\\\/uploads\\\/2023\\\/03\\\/CDF-e1678293422935.png\",\"contentUrl\":\"https:\\\/\\\/alara-group.fr\\\/wp-content\\\/uploads\\\/2023\\\/03\\\/CDF-e1678293422935.png\"},{\"@type\":\"BreadcrumbList\",\"@id\":\"https:\\\/\\\/alara-group.fr\\\/en\\\/contact\\\/#breadcrumb\",\"itemListElement\":[{\"@type\":\"ListItem\",\"position\":1,\"name\":\"Home\",\"item\":\"https:\\\/\\\/alara-group.fr\\\/en\\\/\"},{\"@type\":\"ListItem\",\"position\":2,\"name\":\"Contact\"}]},{\"@type\":\"WebSite\",\"@id\":\"https:\\\/\\\/alara-group.fr\\\/en\\\/#website\",\"url\":\"https:\\\/\\\/alara-group.fr\\\/en\\\/\",\"name\":\"Alara-group\",\"description\":\"Alara group - Toute l&#039;expertise des rayonnements en un seul groupe\",\"publisher\":{\"@id\":\"https:\\\/\\\/alara-group.fr\\\/en\\\/#organization\"},\"alternateName\":\"Alara group\",\"potentialAction\":[{\"@type\":\"SearchAction\",\"target\":{\"@type\":\"EntryPoint\",\"urlTemplate\":\"https:\\\/\\\/alara-group.fr\\\/en\\\/?s={search_term_string}\"},\"query-input\":{\"@type\":\"PropertyValueSpecification\",\"valueRequired\":true,\"valueName\":\"search_term_string\"}}],\"inLanguage\":\"en-US\"},{\"@type\":\"Organization\",\"@id\":\"https:\\\/\\\/alara-group.fr\\\/en\\\/#organization\",\"name\":\"Alara group\",\"alternateName\":\"Alara group\",\"url\":\"https:\\\/\\\/alara-group.fr\\\/en\\\/\",\"logo\":{\"@type\":\"ImageObject\",\"inLanguage\":\"en-US\",\"@id\":\"https:\\\/\\\/alara-group.fr\\\/en\\\/#\\\/schema\\\/logo\\\/image\\\/\",\"url\":\"https:\\\/\\\/alara-group.fr\\\/wp-content\\\/uploads\\\/2023\\\/03\\\/cropped-Logo_Alaragroup_noir_RVB.png\",\"contentUrl\":\"https:\\\/\\\/alara-group.fr\\\/wp-content\\\/uploads\\\/2023\\\/03\\\/cropped-Logo_Alaragroup_noir_RVB.png\",\"width\":4069,\"height\":606,\"caption\":\"Alara group\"},\"image\":{\"@id\":\"https:\\\/\\\/alara-group.fr\\\/en\\\/#\\\/schema\\\/logo\\\/image\\\/\"},\"sameAs\":[\"https:\\\/\\\/www.facebook.com\\\/people\\\/Alara-group\\\/100064307790593\\\/\",\"https:\\\/\\\/www.linkedin.com\\\/company\\\/alaragroup\\\/\"]}]}<\/script>\n<!-- \/ Yoast SEO plugin. -->","yoast_head_json":{"title":"Contact","description":"Questions about our expertise, our team or our solutions? Contact us and we'll get back to you as soon as possible!","robots":{"index":"index","follow":"follow","max-snippet":"max-snippet:-1","max-image-preview":"max-image-preview:large","max-video-preview":"max-video-preview:-1"},"canonical":"https:\/\/alara-group.fr\/en\/contact\/","og_locale":"en_US","og_type":"article","og_title":"Contact","og_description":"Questions about our expertise, our team or our solutions? Contact us and we'll get back to you as soon as possible!","og_url":"https:\/\/alara-group.fr\/en\/contact\/","og_site_name":"Alara group","article_publisher":"https:\/\/www.facebook.com\/people\/Alara-group\/100064307790593\/","article_modified_time":"2023-07-07T13:42:51+00:00","og_image":[{"url":"https:\/\/alara-group.fr\/wp-content\/uploads\/2023\/03\/CDF-e1678293422935.png","type":"","width":"","height":""}],"twitter_card":"summary_large_image","twitter_misc":{"Est. reading time":"2 minutes"},"schema":{"@context":"https:\/\/schema.org","@graph":[{"@type":"WebPage","@id":"https:\/\/alara-group.fr\/en\/contact\/","url":"https:\/\/alara-group.fr\/en\/contact\/","name":"Contact","isPartOf":{"@id":"https:\/\/alara-group.fr\/en\/#website"},"primaryImageOfPage":{"@id":"https:\/\/alara-group.fr\/en\/contact\/#primaryimage"},"image":{"@id":"https:\/\/alara-group.fr\/en\/contact\/#primaryimage"},"thumbnailUrl":"https:\/\/alara-group.fr\/wp-content\/uploads\/2023\/03\/CDF-e1678293422935.png","datePublished":"2023-03-09T10:49:33+00:00","dateModified":"2023-07-07T13:42:51+00:00","description":"Questions about our expertise, our team or our solutions? Contact us and we'll get back to you as soon as possible!","breadcrumb":{"@id":"https:\/\/alara-group.fr\/en\/contact\/#breadcrumb"},"inLanguage":"en-US","potentialAction":[{"@type":"ReadAction","target":["https:\/\/alara-group.fr\/en\/contact\/"]}]},{"@type":"ImageObject","inLanguage":"en-US","@id":"https:\/\/alara-group.fr\/en\/contact\/#primaryimage","url":"https:\/\/alara-group.fr\/wp-content\/uploads\/2023\/03\/CDF-e1678293422935.png","contentUrl":"https:\/\/alara-group.fr\/wp-content\/uploads\/2023\/03\/CDF-e1678293422935.png"},{"@type":"BreadcrumbList","@id":"https:\/\/alara-group.fr\/en\/contact\/#breadcrumb","itemListElement":[{"@type":"ListItem","position":1,"name":"Home","item":"https:\/\/alara-group.fr\/en\/"},{"@type":"ListItem","position":2,"name":"Contact"}]},{"@type":"WebSite","@id":"https:\/\/alara-group.fr\/en\/#website","url":"https:\/\/alara-group.fr\/en\/","name":"Alara-group","description":"Alara group - Toute l&#039;expertise des rayonnements en un seul groupe","publisher":{"@id":"https:\/\/alara-group.fr\/en\/#organization"},"alternateName":"Alara group","potentialAction":[{"@type":"SearchAction","target":{"@type":"EntryPoint","urlTemplate":"https:\/\/alara-group.fr\/en\/?s={search_term_string}"},"query-input":{"@type":"PropertyValueSpecification","valueRequired":true,"valueName":"search_term_string"}}],"inLanguage":"en-US"},{"@type":"Organization","@id":"https:\/\/alara-group.fr\/en\/#organization","name":"Alara group","alternateName":"Alara group","url":"https:\/\/alara-group.fr\/en\/","logo":{"@type":"ImageObject","inLanguage":"en-US","@id":"https:\/\/alara-group.fr\/en\/#\/schema\/logo\/image\/","url":"https:\/\/alara-group.fr\/wp-content\/uploads\/2023\/03\/cropped-Logo_Alaragroup_noir_RVB.png","contentUrl":"https:\/\/alara-group.fr\/wp-content\/uploads\/2023\/03\/cropped-Logo_Alaragroup_noir_RVB.png","width":4069,"height":606,"caption":"Alara group"},"image":{"@id":"https:\/\/alara-group.fr\/en\/#\/schema\/logo\/image\/"},"sameAs":["https:\/\/www.facebook.com\/people\/Alara-group\/100064307790593\/","https:\/\/www.linkedin.com\/company\/alaragroup\/"]}]}},"_links":{"self":[{"href":"https:\/\/alara-group.fr\/en\/wp-json\/wp\/v2\/pages\/2506","targetHints":{"allow":["GET"]}}],"collection":[{"href":"https:\/\/alara-group.fr\/en\/wp-json\/wp\/v2\/pages"}],"about":[{"href":"https:\/\/alara-group.fr\/en\/wp-json\/wp\/v2\/types\/page"}],"author":[{"embeddable":true,"href":"https:\/\/alara-group.fr\/en\/wp-json\/wp\/v2\/users\/1"}],"replies":[{"embeddable":true,"href":"https:\/\/alara-group.fr\/en\/wp-json\/wp\/v2\/comments?post=2506"}],"version-history":[{"count":19,"href":"https:\/\/alara-group.fr\/en\/wp-json\/wp\/v2\/pages\/2506\/revisions"}],"predecessor-version":[{"id":7963,"href":"https:\/\/alara-group.fr\/en\/wp-json\/wp\/v2\/pages\/2506\/revisions\/7963"}],"wp:attachment":[{"href":"https:\/\/alara-group.fr\/en\/wp-json\/wp\/v2\/media?parent=2506"}],"curies":[{"name":"wp","href":"https:\/\/api.w.org\/{rel}","templated":true}]}}